{"id":310,"date":"2025-10-27T18:38:41","date_gmt":"2025-10-27T21:38:41","guid":{"rendered":"https:\/\/grupoemep.com.br\/grupo-emep\/?page_id=310"},"modified":"2025-10-27T18:47:15","modified_gmt":"2025-10-27T21:47:15","slug":"termos-de-uso","status":"publish","type":"page","link":"https:\/\/grupoemep.com.br\/grupo-emep\/termos-de-uso\/","title":{"rendered":"Termos de Uso"},"content":{"rendered":"\t\t<div data-elementor-type=\"wp-page\" data-elementor-id=\"310\" class=\"elementor elementor-310\" data-elementor-post-type=\"page\">\n\t\t\t\t<div class=\"elementor-element elementor-element-a53311d e-flex e-con-boxed wpr-particle-no wpr-jarallax-no wpr-parallax-no wpr-sticky-section-no e-con e-parent\" data-id=\"a53311d\" data-element_type=\"container\" id=\"ogrupo\">\n\t\t\t\t\t<div class=\"e-con-inner\">\n\t\t\t\t<div class=\"elementor-element elementor-element-ed24715 elementor-widget elementor-widget-heading\" data-id=\"ed24715\" data-element_type=\"widget\" data-widget_type=\"heading.default\">\n\t\t\t\t<div class=\"elementor-widget-container\">\n\t\t\t\t\t<h1 class=\"elementor-heading-title elementor-size-default\">Termos de Uso<\/h1>\t\t\t\t<\/div>\n\t\t\t\t<\/div>\n\t\t\t\t<div class=\"elementor-element elementor-element-0405509 elementor-widget elementor-widget-text-editor\" data-id=\"0405509\" data-element_type=\"widget\" data-widget_type=\"text-editor.default\">\n\t\t\t\t<div class=\"elementor-widget-container\">\n\t\t\t\t\t\t\t\t\t<p><em>\u00daltima atualiza\u00e7\u00e3o: 27 de outubro de 2025<\/em><\/p><p>Bem-vindo ao site Grupo EMEP (https:\/\/grupoemep.com.br). Ao aceder e utilizar este site, o utilizador concorda com os presentes Termos de Uso, que regem a utiliza\u00e7\u00e3o do portal e dos servi\u00e7os nele disponibilizados.<\/p><p><strong>1. Identifica\u00e7\u00e3o<\/strong><\/p><p>Grupo EMEP<br \/>Rua Alameda Barroso, 211, Jardim da Luz, Goi\u00e2nia &#8211; GO<br \/>Telefone: (62) 3249-6477<br \/>E-mail: atendimento@grupoemep.com.br<\/p><p><strong>2. Utiliza\u00e7\u00e3o do Site<\/strong><\/p><p>O utilizador compromete-se a usar o site apenas para fins l\u00edcitos, respeitando a legisla\u00e7\u00e3o aplic\u00e1vel, os bons costumes e os direitos de terceiros.<br \/>\u00c9 proibida qualquer tentativa de interfer\u00eancia no funcionamento do site, recolha de dados de forma indevida ou acesso n\u00e3o autorizado aos sistemas da empresa.<\/p><p><strong>3. Conte\u00fado e Propriedade Intelectual<\/strong><\/p><p>Todos os textos, imagens, logotipos e informa\u00e7\u00f5es presentes neste site s\u00e3o propriedade do Grupo EMEP ou de terceiros devidamente autorizados.<br \/>A reprodu\u00e7\u00e3o, distribui\u00e7\u00e3o ou modifica\u00e7\u00e3o de qualquer conte\u00fado s\u00f3 \u00e9 permitida mediante autoriza\u00e7\u00e3o expressa da empresa.<\/p><p><strong>4. Limita\u00e7\u00e3o de Responsabilidade<\/strong><\/p><p>O Grupo EMEP envida esfor\u00e7os para manter as informa\u00e7\u00f5es do site corretas e atualizadas, mas n\u00e3o se responsabiliza por eventuais erros, omiss\u00f5es ou interrup\u00e7\u00f5es tempor\u00e1rias no servi\u00e7o.<br \/>O uso das informa\u00e7\u00f5es \u00e9 da exclusiva responsabilidade do utilizador.<\/p><p><strong>5. Liga\u00e7\u00f5es Externas<\/strong><\/p><p>O site pode conter links para outros websites. O Grupo EMEP n\u00e3o se responsabiliza pelo conte\u00fado ou pr\u00e1ticas de privacidade desses sites externos.<\/p><p><strong>6. Altera\u00e7\u00f5es dos Termos<\/strong><\/p><p>O Grupo EMEP reserva-se o direito de modificar estes Termos de Uso a qualquer momento, sendo as altera\u00e7\u00f5es publicadas nesta p\u00e1gina.<\/p>\t\t\t\t\t\t\t\t<\/div>\n\t\t\t\t<\/div>\n\t\t\t\t\t<\/div>\n\t\t\t\t<\/div>\n\t\t\t\t<\/div>\n\t\t","protected":false},"excerpt":{"rendered":"<p>Termos de Uso \u00daltima atualiza\u00e7\u00e3o: 27 de outubro de 2025 Bem-vindo ao site Grupo EMEP (https:\/\/grupoemep.com.br). Ao aceder e utilizar este site, o utilizador concorda com os presentes Termos de Uso, que regem a utiliza\u00e7\u00e3o do portal e dos servi\u00e7os nele disponibilizados. 1. Identifica\u00e7\u00e3o Grupo EMEPRua Alameda Barroso, 211, Jardim da Luz, Goi\u00e2nia &#8211; GOTelefone: (62) 3249-6477E-mail: atendimento@grupoemep.com.br 2. Utiliza\u00e7\u00e3o do Site O utilizador compromete-se a usar o site apenas para fins l\u00edcitos, respeitando a legisla\u00e7\u00e3o aplic\u00e1vel, os bons costumes e os direitos de terceiros.\u00c9 proibida qualquer tentativa de interfer\u00eancia no funcionamento do site, recolha de dados de forma indevida ou acesso n\u00e3o autorizado aos sistemas da empresa. 3. Conte\u00fado e Propriedade Intelectual Todos os textos, imagens, logotipos e informa\u00e7\u00f5es presentes neste site s\u00e3o propriedade do Grupo EMEP ou de terceiros devidamente autorizados.A reprodu\u00e7\u00e3o, distribui\u00e7\u00e3o ou modifica\u00e7\u00e3o de qualquer conte\u00fado s\u00f3 \u00e9 permitida mediante autoriza\u00e7\u00e3o expressa da empresa. 4. Limita\u00e7\u00e3o de Responsabilidade O Grupo EMEP envida esfor\u00e7os para manter as informa\u00e7\u00f5es do site corretas e atualizadas, mas n\u00e3o se responsabiliza por eventuais erros, omiss\u00f5es ou interrup\u00e7\u00f5es tempor\u00e1rias no servi\u00e7o.O uso das informa\u00e7\u00f5es \u00e9 da exclusiva responsabilidade do utilizador. 5. Liga\u00e7\u00f5es Externas O site pode conter links para outros websites. O Grupo EMEP n\u00e3o se responsabiliza pelo conte\u00fado ou pr\u00e1ticas de privacidade desses sites externos. 6. Altera\u00e7\u00f5es dos Termos O Grupo EMEP reserva-se o direito de modificar estes Termos de Uso a qualquer momento, sendo as altera\u00e7\u00f5es publicadas nesta p\u00e1gina.<\/p>\n","protected":false},"author":1,"featured_media":0,"parent":0,"menu_order":0,"comment_status":"closed","ping_status":"open","template":"","meta":{"_monsterinsights_skip_tracking":false,"_monsterinsights_sitenote_active":false,"_monsterinsights_sitenote_note":"","_monsterinsights_sitenote_category":0,"footnotes":""},"class_list":["post-310","page","type-page","status-publish","hentry"],"aioseo_notices":[],"_links":{"self":[{"href":"https:\/\/grupoemep.com.br\/grupo-emep\/wp-json\/wp\/v2\/pages\/310","targetHints":{"allow":["GET"]}}],"collection":[{"href":"https:\/\/grupoemep.com.br\/grupo-emep\/wp-json\/wp\/v2\/pages"}],"about":[{"href":"https:\/\/grupoemep.com.br\/grupo-emep\/wp-json\/wp\/v2\/types\/page"}],"author":[{"embeddable":true,"href":"https:\/\/grupoemep.com.br\/grupo-emep\/wp-json\/wp\/v2\/users\/1"}],"replies":[{"embeddable":true,"href":"https:\/\/grupoemep.com.br\/grupo-emep\/wp-json\/wp\/v2\/comments?post=310"}],"version-history":[{"count":7,"href":"https:\/\/grupoemep.com.br\/grupo-emep\/wp-json\/wp\/v2\/pages\/310\/revisions"}],"predecessor-version":[{"id":320,"href":"https:\/\/grupoemep.com.br\/grupo-emep\/wp-json\/wp\/v2\/pages\/310\/revisions\/320"}],"wp:attachment":[{"href":"https:\/\/grupoemep.com.br\/grupo-emep\/wp-json\/wp\/v2\/media?parent=310"}],"curies":[{"name":"wp","href":"https:\/\/api.w.org\/{rel}","templated":true}]}}