{"id":2,"date":"2025-03-16T14:23:19","date_gmt":"2025-03-16T17:23:19","guid":{"rendered":"https:\/\/grupoemep.com.br\/grupo-emep\/?page_id=2"},"modified":"2025-10-24T09:55:22","modified_gmt":"2025-10-24T12:55:22","slug":"pagina-exemplo","status":"publish","type":"page","link":"https:\/\/grupoemep.com.br\/grupo-emep\/","title":{"rendered":"Home P\u00e1gina Grupo"},"content":{"rendered":"\t\t<div data-elementor-type=\"wp-page\" data-elementor-id=\"2\" class=\"elementor elementor-2\" data-elementor-post-type=\"page\">\n\t\t\t\t<div class=\"elementor-element elementor-element-a53311d e-flex e-con-boxed wpr-particle-no wpr-jarallax-no wpr-parallax-no wpr-sticky-section-no e-con e-parent\" data-id=\"a53311d\" data-element_type=\"container\" id=\"ogrupo\">\n\t\t\t\t\t<div class=\"e-con-inner\">\n\t\t\t\t<div class=\"elementor-element elementor-element-ed24715 elementor-widget elementor-widget-heading\" data-id=\"ed24715\" data-element_type=\"widget\" data-widget_type=\"heading.default\">\n\t\t\t\t<div class=\"elementor-widget-container\">\n\t\t\t\t\t<h1 class=\"elementor-heading-title elementor-size-default\">O GRUPO <\/h1>\t\t\t\t<\/div>\n\t\t\t\t<\/div>\n\t\t\t\t<div class=\"elementor-element elementor-element-0405509 elementor-widget elementor-widget-text-editor\" data-id=\"0405509\" data-element_type=\"widget\" data-widget_type=\"text-editor.default\">\n\t\t\t\t<div class=\"elementor-widget-container\">\n\t\t\t\t\t\t\t\t\t<p><span data-contrast=\"none\">O Grupo <\/span><b><span data-contrast=\"none\">EMEP, fundado em 2012 originalmente com o nome EMEP Engenharia e Automa\u00e7\u00e3o, atualmente \u00e9 composto por tr\u00eas marcas subsidi\u00e1rias EMEP Engenharia, EMEP Energia e EMEP Rental.<\/span><\/b><span data-ccp-props=\"{&quot;134233117&quot;:true,&quot;134233118&quot;:true,&quot;201341983&quot;:0,&quot;335551550&quot;:6,&quot;335551620&quot;:6,&quot;335557856&quot;:16777215,&quot;335559731&quot;:708,&quot;335559740&quot;:240}\">\u00a0<\/span><\/p><p><span data-contrast=\"none\">Com gest\u00e3o altamente capacitada e experiente o Grupo EMEP prima pela qualidade dos seus servi\u00e7os e cumprimento dos prazos aliados ao bom atendimento. Cada solicita\u00e7\u00e3o \u00e9 tratada com singularidade, prezando sempre pela melhor rela\u00e7\u00e3o custo-benef\u00edcio, para que os projetos sejam vi\u00e1veis e atendam ou superem as expectativas do cliente.<\/span><\/p>\t\t\t\t\t\t\t\t<\/div>\n\t\t\t\t<\/div>\n\t\t\t\t<div class=\"elementor-element elementor-element-75f9f66 elementor-widget elementor-widget-menu-anchor\" data-id=\"75f9f66\" data-element_type=\"widget\" data-widget_type=\"menu-anchor.default\">\n\t\t\t\t<div class=\"elementor-widget-container\">\n\t\t\t\t\t\t\t<div class=\"elementor-menu-anchor\" id=\"marca\"><\/div>\n\t\t\t\t\t\t<\/div>\n\t\t\t\t<\/div>\n\t\t\t\t<div class=\"elementor-element elementor-element-f16cb39 elementor-widget elementor-widget-heading\" data-id=\"f16cb39\" data-element_type=\"widget\" data-widget_type=\"heading.default\">\n\t\t\t\t<div class=\"elementor-widget-container\">\n\t\t\t\t\t<h2 class=\"elementor-heading-title elementor-size-default\">A MARCA + VALORES <\/h2>\t\t\t\t<\/div>\n\t\t\t\t<\/div>\n\t\t\t\t<div class=\"elementor-element elementor-element-7d27c15 elementor-widget elementor-widget-text-editor\" data-id=\"7d27c15\" data-element_type=\"widget\" data-widget_type=\"text-editor.default\">\n\t\t\t\t<div class=\"elementor-widget-container\">\n\t\t\t\t\t\t\t\t\t<p><span data-contrast=\"auto\">A marca <\/span><b><span data-contrast=\"auto\">EMEP<\/span><\/b><span data-contrast=\"auto\"> traduz os valores que regem a empresa: seriedade, profissionalismo e tecnologia. Al\u00e9m disso, \u00e9 fortalecida pelos pilares que norteiam a sua opera\u00e7\u00e3o:\u202f<\/span><b><span data-contrast=\"auto\">E<\/span><\/b><span data-contrast=\"auto\">nergia,\u202f <\/span><b><span data-contrast=\"auto\">M<\/span><\/b><span data-contrast=\"auto\">odernidade,\u202f <\/span><b><span data-contrast=\"auto\">E<\/span><\/b><span data-contrast=\"auto\">fici\u00eancia e\u202f<\/span><b><span data-contrast=\"auto\">P<\/span><\/b><span data-contrast=\"auto\">lanejamento.\u00a0<\/span><span data-ccp-props=\"{&quot;335551550&quot;:6,&quot;335551620&quot;:6,&quot;335559731&quot;:708}\">\u00a0<\/span><\/p><p><span data-contrast=\"auto\">Estes quatro pilares originaram o acr\u00f4nimo da marca EMEP, que carrega consigo o conceito de\u202fideias\u202fpr\u00e1ticas, aliadas \u00e0 r\u00e1pidas solu\u00e7\u00f5es proporcionando sempre o melhor resultado para o cliente.<\/span><\/p>\t\t\t\t\t\t\t\t<\/div>\n\t\t\t\t<\/div>\n\t\t\t\t<div class=\"elementor-element elementor-element-058ecfa elementor-widget elementor-widget-menu-anchor\" data-id=\"058ecfa\" data-element_type=\"widget\" data-widget_type=\"menu-anchor.default\">\n\t\t\t\t<div class=\"elementor-widget-container\">\n\t\t\t\t\t\t\t<div class=\"elementor-menu-anchor\" id=\"missao\"><\/div>\n\t\t\t\t\t\t<\/div>\n\t\t\t\t<\/div>\n\t\t\t\t<div class=\"elementor-element elementor-element-09d1ae7 elementor-widget elementor-widget-heading\" data-id=\"09d1ae7\" data-element_type=\"widget\" data-widget_type=\"heading.default\">\n\t\t\t\t<div class=\"elementor-widget-container\">\n\t\t\t\t\t<h2 class=\"elementor-heading-title elementor-size-default\">MISS\u00c3O <\/h2>\t\t\t\t<\/div>\n\t\t\t\t<\/div>\n\t\t\t\t<div class=\"elementor-element elementor-element-ec07f1e elementor-widget elementor-widget-text-editor\" data-id=\"ec07f1e\" data-element_type=\"widget\" data-widget_type=\"text-editor.default\">\n\t\t\t\t<div class=\"elementor-widget-container\">\n\t\t\t\t\t\t\t\t\t<p><span class=\"TextRun SCXW196855173 BCX0\" lang=\"PT-BR\" xml:lang=\"PT-BR\" data-contrast=\"auto\"><span class=\"NormalTextRun SCXW196855173 BCX0\">Gerar solu\u00e7\u00f5es nos segmentos de energia e suporte \u00e0 constru\u00e7\u00e3o civil, norteada pelos pilares Energia, <\/span><span class=\"NormalTextRun SCXW196855173 BCX0\">M<\/span><span class=\"NormalTextRun SCXW196855173 BCX0\">odernidade, Efici\u00eancia e Planejamento.<\/span><\/span><span class=\"EOP SCXW196855173 BCX0\" data-ccp-props=\"{&quot;335551550&quot;:6,&quot;335551620&quot;:6,&quot;335559731&quot;:708}\">\u00a0<\/span><\/p>\t\t\t\t\t\t\t\t<\/div>\n\t\t\t\t<\/div>\n\t\t\t\t<div class=\"elementor-element elementor-element-bf840ab elementor-widget elementor-widget-menu-anchor\" data-id=\"bf840ab\" data-element_type=\"widget\" data-widget_type=\"menu-anchor.default\">\n\t\t\t\t<div class=\"elementor-widget-container\">\n\t\t\t\t\t\t\t<div class=\"elementor-menu-anchor\" id=\"visao\"><\/div>\n\t\t\t\t\t\t<\/div>\n\t\t\t\t<\/div>\n\t\t\t\t<div class=\"elementor-element elementor-element-58ddd08 elementor-widget elementor-widget-heading\" data-id=\"58ddd08\" data-element_type=\"widget\" data-widget_type=\"heading.default\">\n\t\t\t\t<div class=\"elementor-widget-container\">\n\t\t\t\t\t<h2 class=\"elementor-heading-title elementor-size-default\">VIS\u00c3O <\/h2>\t\t\t\t<\/div>\n\t\t\t\t<\/div>\n\t\t\t\t<div class=\"elementor-element elementor-element-14358bc elementor-widget elementor-widget-text-editor\" data-id=\"14358bc\" data-element_type=\"widget\" data-widget_type=\"text-editor.default\">\n\t\t\t\t<div class=\"elementor-widget-container\">\n\t\t\t\t\t\t\t\t\t<p><span class=\"TextRun SCXW111867033 BCX0\" lang=\"PT-BR\" xml:lang=\"PT-BR\" data-contrast=\"auto\"><span class=\"NormalTextRun SCXW111867033 BCX0\">Ser a empresa que re\u00fane diversas solu\u00e7\u00f5es em energia e apoio \u00e0 constru\u00e7\u00e3o civil, com equipamentos de ponta e com excel\u00eancia no atendimento.<\/span><\/span><span class=\"EOP SCXW111867033 BCX0\" data-ccp-props=\"{&quot;335551550&quot;:6,&quot;335551620&quot;:6,&quot;335559731&quot;:708}\">\u00a0<\/span><\/p>\t\t\t\t\t\t\t\t<\/div>\n\t\t\t\t<\/div>\n\t\t\t\t\t<\/div>\n\t\t\t\t<\/div>\n\t\t\t\t<\/div>\n\t\t","protected":false},"excerpt":{"rendered":"<p>O GRUPO O Grupo EMEP, fundado em 2012 originalmente com o nome EMEP Engenharia e Automa\u00e7\u00e3o, atualmente \u00e9 composto por tr\u00eas marcas subsidi\u00e1rias EMEP Engenharia, EMEP Energia e EMEP Rental.\u00a0 Com gest\u00e3o altamente capacitada e experiente o Grupo EMEP prima pela qualidade dos seus servi\u00e7os e cumprimento dos prazos aliados ao bom atendimento. Cada solicita\u00e7\u00e3o \u00e9 tratada com singularidade, prezando sempre pela melhor rela\u00e7\u00e3o custo-benef\u00edcio, para que os projetos sejam vi\u00e1veis e atendam ou superem as expectativas do cliente. A MARCA + VALORES A marca EMEP traduz os valores que regem a empresa: seriedade, profissionalismo e tecnologia. Al\u00e9m disso, \u00e9 fortalecida pelos pilares que norteiam a sua opera\u00e7\u00e3o:\u202fEnergia,\u202f Modernidade,\u202f Efici\u00eancia e\u202fPlanejamento.\u00a0\u00a0 Estes quatro pilares originaram o acr\u00f4nimo da marca EMEP, que carrega consigo o conceito de\u202fideias\u202fpr\u00e1ticas, aliadas \u00e0 r\u00e1pidas solu\u00e7\u00f5es proporcionando sempre o melhor resultado para o cliente. MISS\u00c3O Gerar solu\u00e7\u00f5es nos segmentos de energia e suporte \u00e0 constru\u00e7\u00e3o civil, norteada pelos pilares Energia, Modernidade, Efici\u00eancia e Planejamento.\u00a0 VIS\u00c3O Ser a empresa que re\u00fane diversas solu\u00e7\u00f5es em energia e apoio \u00e0 constru\u00e7\u00e3o civil, com equipamentos de ponta e com excel\u00eancia no atendimento.\u00a0<\/p>\n","protected":false},"author":1,"featured_media":0,"parent":0,"menu_order":0,"comment_status":"closed","ping_status":"open","template":"","meta":{"_monsterinsights_skip_tracking":false,"_monsterinsights_sitenote_active":false,"_monsterinsights_sitenote_note":"","_monsterinsights_sitenote_category":0,"footnotes":""},"class_list":["post-2","page","type-page","status-publish","hentry"],"aioseo_notices":[],"_links":{"self":[{"href":"https:\/\/grupoemep.com.br\/grupo-emep\/wp-json\/wp\/v2\/pages\/2","targetHints":{"allow":["GET"]}}],"collection":[{"href":"https:\/\/grupoemep.com.br\/grupo-emep\/wp-json\/wp\/v2\/pages"}],"about":[{"href":"https:\/\/grupoemep.com.br\/grupo-emep\/wp-json\/wp\/v2\/types\/page"}],"author":[{"embeddable":true,"href":"https:\/\/grupoemep.com.br\/grupo-emep\/wp-json\/wp\/v2\/users\/1"}],"replies":[{"embeddable":true,"href":"https:\/\/grupoemep.com.br\/grupo-emep\/wp-json\/wp\/v2\/comments?post=2"}],"version-history":[{"count":60,"href":"https:\/\/grupoemep.com.br\/grupo-emep\/wp-json\/wp\/v2\/pages\/2\/revisions"}],"predecessor-version":[{"id":266,"href":"https:\/\/grupoemep.com.br\/grupo-emep\/wp-json\/wp\/v2\/pages\/2\/revisions\/266"}],"wp:attachment":[{"href":"https:\/\/grupoemep.com.br\/grupo-emep\/wp-json\/wp\/v2\/media?parent=2"}],"curies":[{"name":"wp","href":"https:\/\/api.w.org\/{rel}","templated":true}]}}